{"id":1565,"date":"2024-12-04T10:00:38","date_gmt":"2024-12-04T09:00:38","guid":{"rendered":"http:\/\/s1023100035.onlinehome.fr\/mobilallier\/?page_id=1565"},"modified":"2025-11-05T09:49:47","modified_gmt":"2025-11-05T08:49:47","slug":"notre-histoire","status":"publish","type":"page","link":"http:\/\/s1023100035.onlinehome.fr\/mobilallier\/notre-histoire\/","title":{"rendered":"Notre histoire"},"content":{"rendered":"\t\t<div data-elementor-type=\"wp-page\" data-elementor-id=\"1565\" class=\"elementor elementor-1565\">\n\t\t\t\t\t\t<section class=\"elementor-section elementor-top-section elementor-element elementor-element-4a91871 animated-slow elementor-section-stretched elementor-section-height-min-height elementor-section-boxed elementor-section-height-default elementor-section-items-middle\" data-id=\"4a91871\" data-element_type=\"section\" data-settings=\"{&quot;background_background&quot;:&quot;classic&quot;,&quot;animation&quot;:&quot;none&quot;,&quot;stretch_section&quot;:&quot;section-stretched&quot;,&quot;shape_divider_bottom&quot;:&quot;curve-asymmetrical&quot;}\">\n\t\t\t\t\t\t\t<div class=\"elementor-background-overlay\"><\/div>\n\t\t\t\t\t\t<div class=\"elementor-shape elementor-shape-bottom\" aria-hidden=\"true\" data-negative=\"false\">\n\t\t\t<svg xmlns=\"http:\/\/www.w3.org\/2000\/svg\" viewBox=\"0 0 1000 100\" preserveAspectRatio=\"none\">\n\t<path class=\"elementor-shape-fill\" d=\"M0,0c0,0,0,6,0,6.7c0,18,240.2,93.6,615.2,92.6C989.8,98.5,1000,25,1000,6.7c0-0.7,0-6.7,0-6.7H0z\"\/>\n<\/svg>\t\t<\/div>\n\t\t\t\t\t<div class=\"elementor-container elementor-column-gap-default\">\n\t\t\t\t\t<div class=\"aux-parallax-section elementor-column elementor-col-100 elementor-top-column elementor-element elementor-element-6706b809\" data-id=\"6706b809\" data-element_type=\"column\">\n\t\t\t<div class=\"elementor-widget-wrap elementor-element-populated\">\n\t\t\t\t\t\t<div class=\"elementor-element elementor-element-762838af elementor-widget elementor-widget-heading\" data-id=\"762838af\" data-element_type=\"widget\" data-widget_type=\"heading.default\">\n\t\t\t\t<div class=\"elementor-widget-container\">\n\t\t\t\t\t<h1 class=\"elementor-heading-title elementor-size-default\">Notre histoire<\/h1>\t\t\t\t<\/div>\n\t\t\t\t<\/div>\n\t\t\t\t\t<\/div>\n\t\t<\/div>\n\t\t\t\t\t<\/div>\n\t\t<\/section>\n\t\t\t\t<section class=\"elementor-section elementor-top-section elementor-element elementor-element-2800952 elementor-section-stretched elementor-section-boxed elementor-section-height-default elementor-section-height-default\" data-id=\"2800952\" data-element_type=\"section\" data-settings=\"{&quot;stretch_section&quot;:&quot;section-stretched&quot;}\">\n\t\t\t\t\t\t<div class=\"elementor-container elementor-column-gap-default\">\n\t\t\t\t\t<div class=\"aux-parallax-section elementor-column elementor-col-100 elementor-top-column elementor-element elementor-element-30199a9\" data-id=\"30199a9\" data-element_type=\"column\">\n\t\t\t<div class=\"elementor-widget-wrap elementor-element-populated\">\n\t\t\t\t\t\t<div class=\"elementor-element elementor-element-93891d5 elementor-widget__width-initial aux-appear-watch-animation aux-fade-in-up elementor-widget elementor-widget-timeline-widget-addon\" data-id=\"93891d5\" data-element_type=\"widget\" data-widget_type=\"timeline-widget-addon.default\">\n\t\t\t\t<div class=\"elementor-widget-container\">\n\t\t\t\t\t<!-- ========= Timeline Widget Addon For Elementor 1.6.12 ========= -->\n<div id=\"twae-wrapper-93891d5\" class=\"twae-vertical twae-wrapper  twae-both-sided\">   \n    <div class=\"twae-start\"><\/div>    \n    <div id=\"twea-timeline-93891d5\" class=\"twae-timeline\" ><!-- Start of Story Repeater Content --><div id=\"story-35dd979\" class=\"twae-story twae-repeater-item twae-story-right twae-story-no-icon\"><!-- Story Label --><div class=\"twae-labels\"><div class=\"twae-label-big\">1998<\/div><div class=\"twae-label-small\">Le commencement<\/div><\/div><!-- Story Icon --><div class=\"twae-icon\"><i aria-hidden=\"true\" class=\"fas fa-star\"><\/i><\/div><!-- Story Arrow --><div class=\"twae-arrow\"><\/div><!-- Start of Story Content --><div class=\"twae-content\"><!-- Story Title --><div class=\"twae-title\">Mobil'Emploi est cr\u00e9\u00e9e par ADEF<\/div><!-- Story Image --><div class=\"twae-media full\"><img fetchpriority=\"high\" decoding=\"async\" width=\"1250\" height=\"360\" src=\"http:\/\/s1023100035.onlinehome.fr\/mobilallier\/wp-content\/uploads\/2024\/10\/logo-mobil.png\" class=\"attachment-full size-full\" alt=\"\" srcset=\"http:\/\/s1023100035.onlinehome.fr\/mobilallier\/wp-content\/uploads\/2024\/10\/logo-mobil.png 1250w, http:\/\/s1023100035.onlinehome.fr\/mobilallier\/wp-content\/uploads\/2024\/10\/logo-mobil-200x58.png 200w\" sizes=\"(max-width: 1250px) 100vw, 1250px\" \/><\/div><!-- Story Description --><div class=\"twae-description\">L\u2019association d\u2019Aide \u00e0 la Mobilit\u00e9 Mobil\u2019Emploi est cr\u00e9\u00e9e par l\u2019association ADEF qui fait le constat d\u2019une difficult\u00e9 majeure <br> de mobilit\u00e9 aupr\u00e8s des publics qu\u2019elle suit dans leur insertion professionnelle. <br><br>\n<p class=\"MsoNormal\">Mobil\u2019Emploi s\u2019installe \u00e0 Moulins et se dote de v\u00e9los<br> et de cyclomoteurs qu\u2019elle met \u00e0 disposition des personnes <br>en insertion professionnelle selon un tarif solidaire.<\/p><\/div><\/div><\/div><!-- Start of Story Repeater Content --><div id=\"story-6a5ce39\" class=\"twae-story twae-repeater-item twae-story-left twae-story-no-icon\"><!-- Story Label --><div class=\"twae-labels\"><div class=\"twae-label-big\">2008<\/div><\/div><!-- Story Icon --><div class=\"twae-icon\"><i aria-hidden=\"true\" class=\"fas fa-store-alt\"><\/i><\/div><!-- Story Arrow --><div class=\"twae-arrow\"><\/div><!-- Start of Story Content --><div class=\"twae-content\"><!-- Story Title --><div class=\"twae-title\">Ouverture d'une antenne \u00e0 Vichy<\/div><!-- Story Description --><div class=\"twae-description\">Installation \u00e0 Vichy au sein de l\u2019agence ADEF <br>pour la mise \u00e0 disposition de mat\u00e9riels <br>dans le cadre de l\u2019insertion professionnelle.<\/div><\/div><\/div><!-- Start of Story Repeater Content --><div id=\"story-2e40592\" class=\"twae-story twae-repeater-item twae-story-right twae-story-no-icon\"><!-- Story Label --><div class=\"twae-labels\"><div class=\"twae-label-big\">2009<\/div><\/div><!-- Story Icon --><div class=\"twae-icon\"><i aria-hidden=\"true\" class=\"fas fa-store-alt\"><\/i><\/div><!-- Story Arrow --><div class=\"twae-arrow\"><\/div><!-- Start of Story Content --><div class=\"twae-content\"><!-- Story Title --><div class=\"twae-title\"><span style=\"text-align: left;color: var(--tw-cbx-title-color);font-size: var(--tw-cbx-title-font-size);font-weight: var(--tw-cbx-title-font-weight)\">Mobil'Emploi s'installe \u00e0 Riom<\/span><\/div><!-- Story Description --><div class=\"twae-description\">Ouverture d\u2019une agence \u00e0 Riom, dans le Puy-de-D\u00f4me, <br>dans le cadre d\u2019une nouvelle activit\u00e9\u202f; le conseil <br>et l\u2019accompagnement en mobilit\u00e9 inclusive. <br>En collaboration avec d\u2019autres acteurs du d\u00e9partement, <br>elle fait partie des fondateurs de la PFM63, plateforme <br>de mobilit\u00e9 d\u00e9partementale cr\u00e9\u00e9e en 2012.<\/div><\/div><\/div><!-- Start of Story Repeater Content --><div id=\"story-446b301\" class=\"twae-story twae-repeater-item twae-story-left twae-story-no-icon\"><!-- Story Label --><div class=\"twae-labels\"><div class=\"twae-label-big\">2021<\/div><\/div><!-- Story Icon --><div class=\"twae-icon\"><i aria-hidden=\"true\" class=\"fas fa-store-alt\"><\/i><\/div><!-- Story Arrow --><div class=\"twae-arrow\"><\/div><!-- Start of Story Content --><div class=\"twae-content\"><!-- Story Title --><div class=\"twae-title\">Ouverture \u00e0 Montlu\u00e7on<\/div><!-- Story Description --><div class=\"twae-description\">Installation \u00e0 Montlu\u00e7on au sein de l\u2019agence ADEF <br>pour la mise \u00e0 disposition de mat\u00e9riels <br>dans le cadre de l\u2019insertion professionnelle.<\/div><\/div><\/div><!-- Start of Story Repeater Content --><div id=\"story-2ad5a1a\" class=\"twae-story twae-repeater-item twae-story-right twae-story-no-icon\"><!-- Story Label --><div class=\"twae-labels\"><div class=\"twae-label-big\">2021<\/div><\/div><!-- Story Icon --><div class=\"twae-icon\"><i aria-hidden=\"true\" class=\"fas fa-border-all\"><\/i><\/div><!-- Story Arrow --><div class=\"twae-arrow\"><\/div><!-- Start of Story Content --><div class=\"twae-content\"><!-- Story Title --><div class=\"twae-title\">Cr\u00e9ation de la plateforme de mobilit\u00e9 <br>de l\u2019Allier en collaboration <br>avec Mobil\u2019Emploi<\/div><!-- Story Description --><div class=\"twae-description\">Cr\u00e9ation par la PFM63 de la plateforme mobilit\u00e9 de l\u2019Allier. Mobil\u2019Emploi <span class=\"TextRun SCXW240683923 BCX8\" lang=\"FR-FR\" xml:lang=\"FR-FR\" data-contrast=\"none\"><span class=\"NormalTextRun SCXW240683923 BCX8\">assure d\u00e9sormais le conseil <br>et l\u2019accompagnement en mobilit\u00e9<\/span><\/span><span class=\"EOP SCXW240683923 BCX8\" data-ccp-props=\"{&quot;134233117&quot;:false,&quot;134233118&quot;:false,&quot;335559685&quot;:0,&quot;335559738&quot;:240,&quot;335559739&quot;:240}\">\u00a0<\/span><br>dans le d\u00e9partement de l\u2019Allier.<\/div><\/div><\/div><!-- Start of Story Repeater Content --><div id=\"story-bffceb5\" class=\"twae-story twae-repeater-item twae-story-left twae-story-no-icon\"><!-- Story Label --><div class=\"twae-labels\"><div class=\"twae-label-big\">2022<\/div><\/div><!-- Story Icon --><div class=\"twae-icon\"><i aria-hidden=\"true\" class=\"fas fa-car-side\"><\/i><\/div><!-- Story Arrow --><div class=\"twae-arrow\"><\/div><!-- Start of Story Content --><div class=\"twae-content\"><!-- Story Title --><div class=\"twae-title\">Le parc de mat\u00e9riels s\u2019\u00e9toffe <br> avec des voitures sans permis<\/div><!-- Story Description --><div class=\"twae-description\"><span data-teams=\"true\">Financ\u00e9 par Montlu\u00e7on Communaut\u00e9, Moulins Communaut\u00e9, Vichy Communaut\u00e9, la Fondation Eiffage, <br>et avec le concours de Ligier Group, de France Travail <br>et du Conseil D\u00e9partemental de l'Allier.<\/span><\/div><\/div><\/div><!-- Start of Story Repeater Content --><div id=\"story-f6d519b\" class=\"twae-story twae-repeater-item twae-story-right twae-story-no-icon\"><!-- Story Label --><div class=\"twae-labels\"><div class=\"twae-label-big\">2023<\/div><\/div><!-- Story Icon --><div class=\"twae-icon\"><i aria-hidden=\"true\" class=\"fas fa-store-alt\"><\/i><\/div><!-- Story Arrow --><div class=\"twae-arrow\"><\/div><!-- Start of Story Content --><div class=\"twae-content\"><!-- Story Title --><div class=\"twae-title\">Ouverture du Mobi\u2019Lab \u00e0 Montlu\u00e7on <\/div><!-- Story Description --><div class=\"twae-description\">Il s\u2019agit d\u2019un garage d\u2019auto-r\u00e9paration install\u00e9 <br>au sein des locaux de l\u2019Afpa.<\/div><\/div><\/div><!-- Start of Story Repeater Content --><div id=\"story-edbf84f\" class=\"twae-story twae-repeater-item twae-story-left twae-story-no-icon\"><!-- Story Label --><div class=\"twae-labels\"><div class=\"twae-label-big\">2024<\/div><\/div><!-- Story Icon --><div class=\"twae-icon\"><i aria-hidden=\"true\" class=\"fas fa-hands-helping\"><\/i><\/div><!-- Story Arrow --><div class=\"twae-arrow\"><\/div><!-- Start of Story Content --><div class=\"twae-content\"><!-- Story Title --><div class=\"twae-title\">Mobil\u2019Emploi reprend la gestion <br>de la plateforme de mobilit\u00e9 de l\u2019Allier<\/div><\/div><\/div><!-- Start of Story Repeater Content --><div id=\"story-87f7029\" class=\"twae-story twae-repeater-item twae-story-right twae-story-no-icon\"><!-- Story Label --><div class=\"twae-labels\"><div class=\"twae-label-big\">2024<\/div><\/div><!-- Story Icon --><div class=\"twae-icon\"><i aria-hidden=\"true\" class=\"fas fa-store-alt\"><\/i><\/div><!-- Story Arrow --><div class=\"twae-arrow\"><\/div><!-- Start of Story Content --><div class=\"twae-content\"><!-- Story Title --><div class=\"twae-title\">La nouvelle association<br> Mon Coach M\u00e9cano<\/div><!-- Story Description --><div class=\"twae-description\">Ouverture d\u2019un nouvel atelier d\u2019auto-r\u00e9paration de v\u00e9hicules <br>\u00e0 Yzeure et reprise de l'atelier Mobi'Lab \u00e0 Montlu\u00e7on. <br>La gestion du parc de v\u00e9hicules et des deux ateliers <br>d\u2019auto-r\u00e9paration est confi\u00e9e \u00e0 la nouvelle <br>association Mon Coach M\u00e9cano.\n\n<img decoding=\"async\" class=\"size-medium wp-image-5167 aligncenter\" src=\"http:\/\/s1023100035.onlinehome.fr\/mobilallier\/wp-content\/uploads\/2025\/11\/MCM-Logos-dernieres-versions-300x300.jpg\" alt=\"\" width=\"300\" height=\"300\" srcset=\"http:\/\/s1023100035.onlinehome.fr\/mobilallier\/wp-content\/uploads\/2025\/11\/MCM-Logos-dernieres-versions-300x300.jpg 300w, http:\/\/s1023100035.onlinehome.fr\/mobilallier\/wp-content\/uploads\/2025\/11\/MCM-Logos-dernieres-versions-150x150.jpg 150w, http:\/\/s1023100035.onlinehome.fr\/mobilallier\/wp-content\/uploads\/2025\/11\/MCM-Logos-dernieres-versions-200x200.jpg 200w, http:\/\/s1023100035.onlinehome.fr\/mobilallier\/wp-content\/uploads\/2025\/11\/MCM-Logos-dernieres-versions.jpg 554w\" sizes=\"(max-width: 300px) 100vw, 300px\" \/><\/div><\/div><\/div><!-- Start of Story Repeater Content --><div id=\"story-0e900df\" class=\"twae-story twae-repeater-item twae-story-left twae-story-no-icon\"><!-- Story Label --><div class=\"twae-labels\"><div class=\"twae-label-big\">2025<\/div><\/div><!-- Story Icon --><div class=\"twae-icon\"><i aria-hidden=\"true\" class=\"far fa-clock\"><\/i><\/div><!-- Story Arrow --><div class=\"twae-arrow\"><\/div><!-- Start of Story Content --><div class=\"twae-content\"><!-- Story Title --><div class=\"twae-title\">Mobil\u2019Emploi devient Mobil\u2019Allier  <\/div><!-- Story Image --><div class=\"twae-media full\"><img decoding=\"async\" width=\"2062\" height=\"874\" src=\"http:\/\/s1023100035.onlinehome.fr\/mobilallier\/wp-content\/uploads\/2024\/12\/cropped-Logo-MobilAllier-PNG-Horizontal-Bleu-sans-fond_Plan-de-travail-1-copie-2-1.png\" class=\"attachment-full size-full\" alt=\"\" srcset=\"http:\/\/s1023100035.onlinehome.fr\/mobilallier\/wp-content\/uploads\/2024\/12\/cropped-Logo-MobilAllier-PNG-Horizontal-Bleu-sans-fond_Plan-de-travail-1-copie-2-1.png 2062w, http:\/\/s1023100035.onlinehome.fr\/mobilallier\/wp-content\/uploads\/2024\/12\/cropped-Logo-MobilAllier-PNG-Horizontal-Bleu-sans-fond_Plan-de-travail-1-copie-2-1-1536x651.png 1536w, http:\/\/s1023100035.onlinehome.fr\/mobilallier\/wp-content\/uploads\/2024\/12\/cropped-Logo-MobilAllier-PNG-Horizontal-Bleu-sans-fond_Plan-de-travail-1-copie-2-1-2048x868.png 2048w, http:\/\/s1023100035.onlinehome.fr\/mobilallier\/wp-content\/uploads\/2024\/12\/cropped-Logo-MobilAllier-PNG-Horizontal-Bleu-sans-fond_Plan-de-travail-1-copie-2-1-200x85.png 200w\" sizes=\"(max-width: 2062px) 100vw, 2062px\" \/><\/div><\/div><\/div><\/div>\n    <div class=\"twae-end\"><\/div>\n    <\/div><style type=\"text\/css\">@media (max-width: 1024px){ .twae-wrapper{--tw-ybx-size: 80px !important;}}@media (max-width: 767px){ .twae-wrapper{--tw-ybx-size: 80px !important}}<\/style>\t\t\t\t<\/div>\n\t\t\t\t<\/div>\n\t\t\t\t\t<\/div>\n\t\t<\/div>\n\t\t\t\t\t<\/div>\n\t\t<\/section>\n\t\t\t\t<\/div>\n\t\t","protected":false},"excerpt":{"rendered":"<p>Notre histoire 1998Le commencementMobil&rsquo;Emploi est cr\u00e9\u00e9e par ADEFL\u2019association d\u2019Aide \u00e0 la Mobilit\u00e9 Mobil\u2019Emploi est cr\u00e9\u00e9e par l\u2019association ADEF qui fait le constat d\u2019une difficult\u00e9 majeure de mobilit\u00e9 aupr\u00e8s des publics qu\u2019elle suit dans leur insertion professionnelle. Mobil\u2019Emploi s\u2019installe \u00e0 Moulins et se dote de v\u00e9los et de cyclomoteurs qu\u2019elle met \u00e0 disposition des personnes en [&hellip;]<\/p>\n","protected":false},"author":1,"featured_media":0,"parent":0,"menu_order":0,"comment_status":"closed","ping_status":"closed","template":"","meta":{"_acf_changed":false,"footnotes":""},"class_list":["post-1565","page","type-page","status-publish","hentry"],"acf":[],"yoast_head":"<!-- This site is optimized with the Yoast SEO plugin v25.9 - https:\/\/yoast.com\/wordpress\/plugins\/seo\/ -->\n<title>Notre histoire - Mobil&#039;Allier<\/title>\n<meta name=\"robots\" content=\"noindex, follow, max-snippet:-1, max-image-preview:large, max-video-preview:-1\" \/>\n<meta property=\"og:locale\" content=\"fr_FR\" \/>\n<meta property=\"og:type\" content=\"article\" \/>\n<meta property=\"og:title\" content=\"Notre histoire - Mobil&#039;Allier\" \/>\n<meta property=\"og:description\" content=\"Notre histoire 1998Le commencementMobil&rsquo;Emploi est cr\u00e9\u00e9e par ADEFL\u2019association d\u2019Aide \u00e0 la Mobilit\u00e9 Mobil\u2019Emploi est cr\u00e9\u00e9e par l\u2019association ADEF qui fait le constat d\u2019une difficult\u00e9 majeure de mobilit\u00e9 aupr\u00e8s des publics qu\u2019elle suit dans leur insertion professionnelle. Mobil\u2019Emploi s\u2019installe \u00e0 Moulins et se dote de v\u00e9los et de cyclomoteurs qu\u2019elle met \u00e0 disposition des personnes en [&hellip;]\" \/>\n<meta property=\"og:url\" content=\"http:\/\/s1023100035.onlinehome.fr\/mobilallier\/notre-histoire\/\" \/>\n<meta property=\"og:site_name\" content=\"Mobil&#039;Allier\" \/>\n<meta property=\"article:modified_time\" content=\"2025-11-05T08:49:47+00:00\" \/>\n<meta property=\"og:image\" content=\"http:\/\/s1023100035.onlinehome.fr\/mobilallier\/wp-content\/uploads\/2024\/10\/logo-mobil.png\" \/>\n<meta name=\"twitter:card\" content=\"summary_large_image\" \/>\n<meta name=\"twitter:label1\" content=\"Dur\u00e9e de lecture estim\u00e9e\" \/>\n\t<meta name=\"twitter:data1\" content=\"3 minutes\" \/>\n<script type=\"application\/ld+json\" class=\"yoast-schema-graph\">{\"@context\":\"https:\/\/schema.org\",\"@graph\":[{\"@type\":\"WebPage\",\"@id\":\"http:\/\/s1023100035.onlinehome.fr\/mobilallier\/notre-histoire\/\",\"url\":\"http:\/\/s1023100035.onlinehome.fr\/mobilallier\/notre-histoire\/\",\"name\":\"Notre histoire - Mobil&#039;Allier\",\"isPartOf\":{\"@id\":\"http:\/\/s1023100035.onlinehome.fr\/mobilallier\/#website\"},\"primaryImageOfPage\":{\"@id\":\"http:\/\/s1023100035.onlinehome.fr\/mobilallier\/notre-histoire\/#primaryimage\"},\"image\":{\"@id\":\"http:\/\/s1023100035.onlinehome.fr\/mobilallier\/notre-histoire\/#primaryimage\"},\"thumbnailUrl\":\"http:\/\/s1023100035.onlinehome.fr\/mobilallier\/wp-content\/uploads\/2024\/10\/logo-mobil.png\",\"datePublished\":\"2024-12-04T09:00:38+00:00\",\"dateModified\":\"2025-11-05T08:49:47+00:00\",\"breadcrumb\":{\"@id\":\"http:\/\/s1023100035.onlinehome.fr\/mobilallier\/notre-histoire\/#breadcrumb\"},\"inLanguage\":\"fr-FR\",\"potentialAction\":[{\"@type\":\"ReadAction\",\"target\":[\"http:\/\/s1023100035.onlinehome.fr\/mobilallier\/notre-histoire\/\"]}]},{\"@type\":\"ImageObject\",\"inLanguage\":\"fr-FR\",\"@id\":\"http:\/\/s1023100035.onlinehome.fr\/mobilallier\/notre-histoire\/#primaryimage\",\"url\":\"http:\/\/s1023100035.onlinehome.fr\/mobilallier\/wp-content\/uploads\/2024\/10\/logo-mobil.png\",\"contentUrl\":\"http:\/\/s1023100035.onlinehome.fr\/mobilallier\/wp-content\/uploads\/2024\/10\/logo-mobil.png\",\"width\":1250,\"height\":360},{\"@type\":\"BreadcrumbList\",\"@id\":\"http:\/\/s1023100035.onlinehome.fr\/mobilallier\/notre-histoire\/#breadcrumb\",\"itemListElement\":[{\"@type\":\"ListItem\",\"position\":1,\"name\":\"Accueil\",\"item\":\"http:\/\/s1023100035.onlinehome.fr\/mobilallier\/\"},{\"@type\":\"ListItem\",\"position\":2,\"name\":\"Notre histoire\"}]},{\"@type\":\"WebSite\",\"@id\":\"http:\/\/s1023100035.onlinehome.fr\/mobilallier\/#website\",\"url\":\"http:\/\/s1023100035.onlinehome.fr\/mobilallier\/\",\"name\":\"Mobil&#039;Allier\",\"description\":\"Votre Allier Mobilit\u00e9\",\"publisher\":{\"@id\":\"http:\/\/s1023100035.onlinehome.fr\/mobilallier\/#organization\"},\"potentialAction\":[{\"@type\":\"SearchAction\",\"target\":{\"@type\":\"EntryPoint\",\"urlTemplate\":\"http:\/\/s1023100035.onlinehome.fr\/mobilallier\/?s={search_term_string}\"},\"query-input\":{\"@type\":\"PropertyValueSpecification\",\"valueRequired\":true,\"valueName\":\"search_term_string\"}}],\"inLanguage\":\"fr-FR\"},{\"@type\":\"Organization\",\"@id\":\"http:\/\/s1023100035.onlinehome.fr\/mobilallier\/#organization\",\"name\":\"Mobil&#039;Allier\",\"url\":\"http:\/\/s1023100035.onlinehome.fr\/mobilallier\/\",\"logo\":{\"@type\":\"ImageObject\",\"inLanguage\":\"fr-FR\",\"@id\":\"http:\/\/s1023100035.onlinehome.fr\/mobilallier\/#\/schema\/logo\/image\/\",\"url\":\"http:\/\/s1023100035.onlinehome.fr\/mobilallier\/wp-content\/uploads\/2024\/12\/cropped-Logo-MobilAllier-PNG-Horizontal-Bleu-sans-fond_Plan-de-travail-1-copie-2-1.png\",\"contentUrl\":\"http:\/\/s1023100035.onlinehome.fr\/mobilallier\/wp-content\/uploads\/2024\/12\/cropped-Logo-MobilAllier-PNG-Horizontal-Bleu-sans-fond_Plan-de-travail-1-copie-2-1.png\",\"width\":2062,\"height\":874,\"caption\":\"Mobil&#039;Allier\"},\"image\":{\"@id\":\"http:\/\/s1023100035.onlinehome.fr\/mobilallier\/#\/schema\/logo\/image\/\"}}]}<\/script>\n<!-- \/ Yoast SEO plugin. -->","yoast_head_json":{"title":"Notre histoire - Mobil&#039;Allier","robots":{"index":"noindex","follow":"follow","max-snippet":"max-snippet:-1","max-image-preview":"max-image-preview:large","max-video-preview":"max-video-preview:-1"},"og_locale":"fr_FR","og_type":"article","og_title":"Notre histoire - Mobil&#039;Allier","og_description":"Notre histoire 1998Le commencementMobil&rsquo;Emploi est cr\u00e9\u00e9e par ADEFL\u2019association d\u2019Aide \u00e0 la Mobilit\u00e9 Mobil\u2019Emploi est cr\u00e9\u00e9e par l\u2019association ADEF qui fait le constat d\u2019une difficult\u00e9 majeure de mobilit\u00e9 aupr\u00e8s des publics qu\u2019elle suit dans leur insertion professionnelle. Mobil\u2019Emploi s\u2019installe \u00e0 Moulins et se dote de v\u00e9los et de cyclomoteurs qu\u2019elle met \u00e0 disposition des personnes en [&hellip;]","og_url":"http:\/\/s1023100035.onlinehome.fr\/mobilallier\/notre-histoire\/","og_site_name":"Mobil&#039;Allier","article_modified_time":"2025-11-05T08:49:47+00:00","og_image":[{"url":"http:\/\/s1023100035.onlinehome.fr\/mobilallier\/wp-content\/uploads\/2024\/10\/logo-mobil.png","type":"","width":"","height":""}],"twitter_card":"summary_large_image","twitter_misc":{"Dur\u00e9e de lecture estim\u00e9e":"3 minutes"},"schema":{"@context":"https:\/\/schema.org","@graph":[{"@type":"WebPage","@id":"http:\/\/s1023100035.onlinehome.fr\/mobilallier\/notre-histoire\/","url":"http:\/\/s1023100035.onlinehome.fr\/mobilallier\/notre-histoire\/","name":"Notre histoire - Mobil&#039;Allier","isPartOf":{"@id":"http:\/\/s1023100035.onlinehome.fr\/mobilallier\/#website"},"primaryImageOfPage":{"@id":"http:\/\/s1023100035.onlinehome.fr\/mobilallier\/notre-histoire\/#primaryimage"},"image":{"@id":"http:\/\/s1023100035.onlinehome.fr\/mobilallier\/notre-histoire\/#primaryimage"},"thumbnailUrl":"http:\/\/s1023100035.onlinehome.fr\/mobilallier\/wp-content\/uploads\/2024\/10\/logo-mobil.png","datePublished":"2024-12-04T09:00:38+00:00","dateModified":"2025-11-05T08:49:47+00:00","breadcrumb":{"@id":"http:\/\/s1023100035.onlinehome.fr\/mobilallier\/notre-histoire\/#breadcrumb"},"inLanguage":"fr-FR","potentialAction":[{"@type":"ReadAction","target":["http:\/\/s1023100035.onlinehome.fr\/mobilallier\/notre-histoire\/"]}]},{"@type":"ImageObject","inLanguage":"fr-FR","@id":"http:\/\/s1023100035.onlinehome.fr\/mobilallier\/notre-histoire\/#primaryimage","url":"http:\/\/s1023100035.onlinehome.fr\/mobilallier\/wp-content\/uploads\/2024\/10\/logo-mobil.png","contentUrl":"http:\/\/s1023100035.onlinehome.fr\/mobilallier\/wp-content\/uploads\/2024\/10\/logo-mobil.png","width":1250,"height":360},{"@type":"BreadcrumbList","@id":"http:\/\/s1023100035.onlinehome.fr\/mobilallier\/notre-histoire\/#breadcrumb","itemListElement":[{"@type":"ListItem","position":1,"name":"Accueil","item":"http:\/\/s1023100035.onlinehome.fr\/mobilallier\/"},{"@type":"ListItem","position":2,"name":"Notre histoire"}]},{"@type":"WebSite","@id":"http:\/\/s1023100035.onlinehome.fr\/mobilallier\/#website","url":"http:\/\/s1023100035.onlinehome.fr\/mobilallier\/","name":"Mobil&#039;Allier","description":"Votre Allier Mobilit\u00e9","publisher":{"@id":"http:\/\/s1023100035.onlinehome.fr\/mobilallier\/#organization"},"potentialAction":[{"@type":"SearchAction","target":{"@type":"EntryPoint","urlTemplate":"http:\/\/s1023100035.onlinehome.fr\/mobilallier\/?s={search_term_string}"},"query-input":{"@type":"PropertyValueSpecification","valueRequired":true,"valueName":"search_term_string"}}],"inLanguage":"fr-FR"},{"@type":"Organization","@id":"http:\/\/s1023100035.onlinehome.fr\/mobilallier\/#organization","name":"Mobil&#039;Allier","url":"http:\/\/s1023100035.onlinehome.fr\/mobilallier\/","logo":{"@type":"ImageObject","inLanguage":"fr-FR","@id":"http:\/\/s1023100035.onlinehome.fr\/mobilallier\/#\/schema\/logo\/image\/","url":"http:\/\/s1023100035.onlinehome.fr\/mobilallier\/wp-content\/uploads\/2024\/12\/cropped-Logo-MobilAllier-PNG-Horizontal-Bleu-sans-fond_Plan-de-travail-1-copie-2-1.png","contentUrl":"http:\/\/s1023100035.onlinehome.fr\/mobilallier\/wp-content\/uploads\/2024\/12\/cropped-Logo-MobilAllier-PNG-Horizontal-Bleu-sans-fond_Plan-de-travail-1-copie-2-1.png","width":2062,"height":874,"caption":"Mobil&#039;Allier"},"image":{"@id":"http:\/\/s1023100035.onlinehome.fr\/mobilallier\/#\/schema\/logo\/image\/"}}]}},"_links":{"self":[{"href":"http:\/\/s1023100035.onlinehome.fr\/mobilallier\/wp-json\/wp\/v2\/pages\/1565","targetHints":{"allow":["GET"]}}],"collection":[{"href":"http:\/\/s1023100035.onlinehome.fr\/mobilallier\/wp-json\/wp\/v2\/pages"}],"about":[{"href":"http:\/\/s1023100035.onlinehome.fr\/mobilallier\/wp-json\/wp\/v2\/types\/page"}],"author":[{"embeddable":true,"href":"http:\/\/s1023100035.onlinehome.fr\/mobilallier\/wp-json\/wp\/v2\/users\/1"}],"replies":[{"embeddable":true,"href":"http:\/\/s1023100035.onlinehome.fr\/mobilallier\/wp-json\/wp\/v2\/comments?post=1565"}],"version-history":[{"count":154,"href":"http:\/\/s1023100035.onlinehome.fr\/mobilallier\/wp-json\/wp\/v2\/pages\/1565\/revisions"}],"predecessor-version":[{"id":5400,"href":"http:\/\/s1023100035.onlinehome.fr\/mobilallier\/wp-json\/wp\/v2\/pages\/1565\/revisions\/5400"}],"wp:attachment":[{"href":"http:\/\/s1023100035.onlinehome.fr\/mobilallier\/wp-json\/wp\/v2\/media?parent=1565"}],"curies":[{"name":"wp","href":"https:\/\/api.w.org\/{rel}","templated":true}]}}