{"id":189,"date":"2019-12-26T07:15:56","date_gmt":"2019-12-26T06:15:56","guid":{"rendered":"http:\/\/s1023100035.onlinehome.fr\/mobilallier\/contact\/"},"modified":"2025-11-04T15:58:28","modified_gmt":"2025-11-04T14:58:28","slug":"contact","status":"publish","type":"page","link":"http:\/\/s1023100035.onlinehome.fr\/mobilallier\/contact\/","title":{"rendered":"Contact"},"content":{"rendered":"\t\t<div data-elementor-type=\"wp-page\" data-elementor-id=\"189\" class=\"elementor elementor-189\">\n\t\t\t\t\t\t<section class=\"elementor-section elementor-top-section elementor-element elementor-element-489dcfb3 animated-slow elementor-section-stretched elementor-section-height-min-height elementor-section-boxed elementor-section-height-default elementor-section-items-middle\" data-id=\"489dcfb3\" data-element_type=\"section\" data-settings=\"{&quot;background_background&quot;:&quot;classic&quot;,&quot;animation&quot;:&quot;none&quot;,&quot;stretch_section&quot;:&quot;section-stretched&quot;,&quot;shape_divider_bottom&quot;:&quot;curve-asymmetrical&quot;}\">\n\t\t\t\t\t\t\t<div class=\"elementor-background-overlay\"><\/div>\n\t\t\t\t\t\t<div class=\"elementor-shape elementor-shape-bottom\" aria-hidden=\"true\" data-negative=\"false\">\n\t\t\t<svg xmlns=\"http:\/\/www.w3.org\/2000\/svg\" viewBox=\"0 0 1000 100\" preserveAspectRatio=\"none\">\n\t<path class=\"elementor-shape-fill\" d=\"M0,0c0,0,0,6,0,6.7c0,18,240.2,93.6,615.2,92.6C989.8,98.5,1000,25,1000,6.7c0-0.7,0-6.7,0-6.7H0z\"\/>\n<\/svg>\t\t<\/div>\n\t\t\t\t\t<div class=\"elementor-container elementor-column-gap-default\">\n\t\t\t\t\t<div class=\"aux-parallax-section elementor-column elementor-col-100 elementor-top-column elementor-element elementor-element-655888ba\" data-id=\"655888ba\" data-element_type=\"column\">\n\t\t\t<div class=\"elementor-widget-wrap elementor-element-populated\">\n\t\t\t\t\t\t<div class=\"elementor-element elementor-element-5ff3559a elementor-widget elementor-widget-heading\" data-id=\"5ff3559a\" data-element_type=\"widget\" data-widget_type=\"heading.default\">\n\t\t\t\t<div class=\"elementor-widget-container\">\n\t\t\t\t\t<h1 class=\"elementor-heading-title elementor-size-default\">Contact<\/h1>\t\t\t\t<\/div>\n\t\t\t\t<\/div>\n\t\t\t\t\t<\/div>\n\t\t<\/div>\n\t\t\t\t\t<\/div>\n\t\t<\/section>\n\t\t\t\t<section class=\"elementor-section elementor-top-section elementor-element elementor-element-7e49218 elementor-section-boxed elementor-section-height-default elementor-section-height-default\" data-id=\"7e49218\" data-element_type=\"section\">\n\t\t\t\t\t\t<div class=\"elementor-container elementor-column-gap-default\">\n\t\t\t\t\t<div class=\"aux-parallax-section elementor-column elementor-col-100 elementor-top-column elementor-element elementor-element-93eca45\" data-id=\"93eca45\" data-element_type=\"column\">\n\t\t\t<div class=\"elementor-widget-wrap elementor-element-populated\">\n\t\t\t\t\t\t<div class=\"elementor-element elementor-element-850cf08 aux-appear-watch-animation aux-fade-in-right-1 elementor-widget elementor-widget-aux_text\" data-id=\"850cf08\" data-element_type=\"widget\" data-widget_type=\"aux_text.default\">\n\t\t\t\t<div class=\"elementor-widget-container\">\n\t\t\t\t\t<section class=\"widget-container aux-widget-text aux-parent-au35169abb\">        <div class=\"aux-widget-advanced-text aux-wrap-style-simple aux-ico-pos-top aux-text-center aux-text-resp- aux-text-color-dark aux-text-widget-bg-center  \" >\n        \n                            <div class=\"aux-text-widget-header \"  >\n                        <div class=\"aux-ico-box aux-ico-large aux-ico-shape-circle aux-ico-clear \">\n                                                                <span class=\"aux-ico auxicon-ios-clock-outline\" > <\/span>\n                                                            <\/div>\n                <\/div>\n            \n            <div class=\"aux-text-inner aux-text-widget-content\">\n                                <h4 class=\"col-title\">HORAIRES<\/h4>\n                                <div class=\"widget-content\">\n                                        <p>Du lundi au vendredi<\/p><p>8h30\/12h00 - 13h30\/17h00<\/p><p><strong>Uniquement sur rendez-vous<\/strong><\/p><p><br> <i aria-hidden=\"true\" class=\"auxicon auxicon-ios-telephone\"><\/i> 04 70 45 21 17\u00a0 \u00a0<i aria-hidden=\"true\" class=\"auxicon auxicon-email-plane\"><\/i> plateforme@mobil-allier.fr<\/p>                <\/div>\n                            <\/div>\n        <\/div>\n                    <div class=\"aux-text-widget-footer\">\n                <div class=\"aux-border-shape-none \">\n                                <\/div>\n            <\/div>\n        \n<\/section><!-- widget-container -->\t\t\t\t<\/div>\n\t\t\t\t<\/div>\n\t\t\t\t<section class=\"elementor-section elementor-inner-section elementor-element elementor-element-b46d78a elementor-section-boxed elementor-section-height-default elementor-section-height-default\" data-id=\"b46d78a\" data-element_type=\"section\">\n\t\t\t\t\t\t<div class=\"elementor-container elementor-column-gap-default\">\n\t\t\t\t\t<div class=\"aux-parallax-section elementor-column elementor-col-50 elementor-inner-column elementor-element elementor-element-041c4c1\" data-id=\"041c4c1\" data-element_type=\"column\">\n\t\t\t<div class=\"elementor-widget-wrap elementor-element-populated\">\n\t\t\t\t\t\t<div class=\"elementor-element elementor-element-c204f73 elementor-invisible elementor-widget elementor-widget-image\" data-id=\"c204f73\" data-element_type=\"widget\" data-settings=\"{&quot;_animation&quot;:&quot;fadeInLeft&quot;}\" data-widget_type=\"image.default\">\n\t\t\t\t<div class=\"elementor-widget-container\">\n\t\t\t\t\t\t\t\t\t\t\t\t\t\t\t<img fetchpriority=\"high\" decoding=\"async\" width=\"967\" height=\"736\" src=\"http:\/\/s1023100035.onlinehome.fr\/mobilallier\/wp-content\/uploads\/2025\/10\/map.webp\" class=\"attachment-large size-large wp-image-5128\" alt=\"\" srcset=\"http:\/\/s1023100035.onlinehome.fr\/mobilallier\/wp-content\/uploads\/2025\/10\/map.webp 967w, http:\/\/s1023100035.onlinehome.fr\/mobilallier\/wp-content\/uploads\/2025\/10\/map-200x152.webp 200w\" sizes=\"(max-width: 967px) 100vw, 967px\" \/>\t\t\t\t\t\t\t\t\t\t\t\t\t\t\t<\/div>\n\t\t\t\t<\/div>\n\t\t\t\t\t<\/div>\n\t\t<\/div>\n\t\t\t\t<div class=\"aux-parallax-section elementor-column elementor-col-50 elementor-inner-column elementor-element elementor-element-8c33b73\" data-id=\"8c33b73\" data-element_type=\"column\">\n\t\t\t<div class=\"elementor-widget-wrap elementor-element-populated\">\n\t\t\t\t\t\t<div class=\"elementor-element elementor-element-545603d aux-appear-watch-animation aux-fade-in-right-1 elementor-widget elementor-widget-aux_text\" data-id=\"545603d\" data-element_type=\"widget\" data-widget_type=\"aux_text.default\">\n\t\t\t\t<div class=\"elementor-widget-container\">\n\t\t\t\t\t<section class=\"widget-container aux-widget-text aux-parent-aubaa45503\">        <div class=\"aux-widget-advanced-text aux-wrap-style-simple aux-ico-pos-top aux-text-center aux-text-resp- aux-text-color-dark aux-text-widget-bg-center  \" >\n        \n                            <div class=\"aux-text-widget-header \"  >\n                        <div class=\"aux-ico-box aux-ico-large aux-ico-shape-circle aux-ico-clear \">\n                            <i aria-hidden=\"true\" class=\"aux-ico fas fa-building\"><\/i>                        <\/div>\n                <\/div>\n            \n            <div class=\"aux-text-inner aux-text-widget-content\">\n                                <h4 class=\"col-title\">NOS AGENCES<\/h4>\n                                <div class=\"widget-content\">\n                                        <p><a href=\"https:\/\/www.google.com\/maps\/dir\/\/24+Rue+R%C3%A9gemortes,+03000+Moulins\/@46.5629537,3.2437153,12z\/data=!4m9!4m8!1m0!1m5!1m1!1s0x47f11c36463c28ef:0xa5cd4311f4980d2d!2m2!1d3.3262875!2d46.5629834!3e0?entry=ttu&amp;g_ep=EgoyMDI1MTAyOS4yIKXMDSoASAFQAw%3D%3D\">Agence de Moulins - 24, rue R\u00e9gemortes 03000 MOULINS<\/a><\/p><p><a href=\"https:\/\/www.google.com\/maps\/dir\/\/12+Rue+Pasteur,+03200+Vichy\/@46.1271112,3.4242975,17z\/data=!4m18!1m8!3m7!1s0x47f6cd0579857bc5:0x4dc373bbb6f66df0!2s12+Rue+Pasteur,+03200+Vichy!3b1!8m2!3d46.1271112!4d3.4268778!16s%2Fg%2F11nnkwf1d3!4m8!1m0!1m5!1m1!1s0x47f6cd0579857bc5:0x4dc373bbb6f66df0!2m2!1d3.4268778!2d46.1271112!3e0?entry=ttu&amp;g_ep=EgoyMDI1MTAxNC4wIKXMDSoASAFQAw%3D%3D\">Agence de Vichy - 12 rue Pasteur, 03200 VICHY<\/a><br \/><a href=\"https:\/\/www.google.com\/maps\/dir\/\/6+Rue+Barathon,+03100+Montlu%C3%A7on\/@46.3376337,2.602419,17z\/data=!4m18!1m8!3m7!1s0x47f0a7de9e3b6fa7:0x540ffbc8c590f397!2s6+Rue+Barathon,+03100+Montlu%C3%A7on!3b1!8m2!3d46.3376337!4d2.6049993!16s%2Fg%2F11bw40w28n!4m8!1m0!1m5!1m1!1s0x47f0a7de9e3b6fa7:0x540ffbc8c590f397!2m2!1d2.6049993!2d46.3376337!3e0?entry=ttu&amp;g_ep=EgoyMDI1MTAxNC4wIKXMDSoASAFQAw%3D%3D\">Agence de Montlu\u00e7on - 6 rue Barathon, 03100 MONTLU\u00c7ON<\/a><\/p>                <\/div>\n                            <\/div>\n        <\/div>\n                    <div class=\"aux-text-widget-footer\">\n                <div class=\"aux-border-shape-none \">\n                                <\/div>\n            <\/div>\n        \n<\/section><!-- widget-container -->\t\t\t\t<\/div>\n\t\t\t\t<\/div>\n\t\t\t\t\t<\/div>\n\t\t<\/div>\n\t\t\t\t\t<\/div>\n\t\t<\/section>\n\t\t\t\t\t<\/div>\n\t\t<\/div>\n\t\t\t\t\t<\/div>\n\t\t<\/section>\n\t\t\t\t<section class=\"elementor-section elementor-top-section elementor-element elementor-element-92a2fc6 elementor-section-boxed elementor-section-height-default elementor-section-height-default\" data-id=\"92a2fc6\" data-element_type=\"section\" data-settings=\"{&quot;background_background&quot;:&quot;classic&quot;,&quot;shape_divider_bottom&quot;:&quot;curve&quot;}\">\n\t\t\t\t\t<div class=\"elementor-shape elementor-shape-bottom\" aria-hidden=\"true\" data-negative=\"false\">\n\t\t\t<svg xmlns=\"http:\/\/www.w3.org\/2000\/svg\" viewBox=\"0 0 1000 100\" preserveAspectRatio=\"none\">\n    <path class=\"elementor-shape-fill\" d=\"M1000,4.3V0H0v4.3C0.9,23.1,126.7,99.2,500,100S1000,22.7,1000,4.3z\"\/>\n<\/svg>\t\t<\/div>\n\t\t\t\t\t<div class=\"elementor-container elementor-column-gap-default\">\n\t\t\t\t\t<div class=\"aux-parallax-section elementor-column elementor-col-100 elementor-top-column elementor-element elementor-element-7848330\" data-id=\"7848330\" data-element_type=\"column\">\n\t\t\t<div class=\"elementor-widget-wrap elementor-element-populated\">\n\t\t\t\t\t\t<section class=\"elementor-section elementor-inner-section elementor-element elementor-element-cfc4c64 elementor-section-boxed elementor-section-height-default elementor-section-height-default\" data-id=\"cfc4c64\" data-element_type=\"section\" data-settings=\"{&quot;background_background&quot;:&quot;classic&quot;}\">\n\t\t\t\t\t\t\t<div class=\"elementor-background-overlay\"><\/div>\n\t\t\t\t\t\t\t<div class=\"elementor-container elementor-column-gap-default\">\n\t\t\t\t\t<div class=\"aux-parallax-section elementor-column elementor-col-50 elementor-inner-column elementor-element elementor-element-99e1ec2\" data-id=\"99e1ec2\" data-element_type=\"column\">\n\t\t\t<div class=\"elementor-widget-wrap elementor-element-populated\">\n\t\t\t\t\t\t<div class=\"elementor-element elementor-element-cca6f38 aux-appear-watch-animation aux-fade-in-up-1 elementor-widget elementor-widget-aux_modern_heading\" data-id=\"cca6f38\" data-element_type=\"widget\" data-widget_type=\"aux_modern_heading.default\">\n\t\t\t\t<div class=\"elementor-widget-container\">\n\t\t\t\t\t<section class=\"aux-widget-modern-heading\">\n            <div class=\"aux-widget-inner\"><h2 class=\"aux-modern-heading-primary\">Contactez-nous<\/h2><h3 class=\"aux-modern-heading-secondary\"><span class=\"aux-head-before\">Besoin d'en savoir plus ? <\/span><\/h3><\/div>\n        <\/section>\t\t\t\t<\/div>\n\t\t\t\t<\/div>\n\t\t\t\t\t<\/div>\n\t\t<\/div>\n\t\t\t\t<div class=\"aux-parallax-section elementor-column elementor-col-50 elementor-inner-column elementor-element elementor-element-ddc3e9b\" data-id=\"ddc3e9b\" data-element_type=\"column\">\n\t\t\t<div class=\"elementor-widget-wrap elementor-element-populated\">\n\t\t\t\t\t\t<div class=\"elementor-element elementor-element-d9315ae aux-appear-watch-animation aux-fade-in-up-1 elementor-widget elementor-widget-aux_contact_form\" data-id=\"d9315ae\" data-element_type=\"widget\" data-widget_type=\"aux_contact_form.default\">\n\t\t\t\t<div class=\"elementor-widget-container\">\n\t\t\t\t\t<section class=\"widget-container aux-widget-contact-form aux-parent-aubb016074\">            <div class=\"aux-col-wrapper aux-no-gutter\">\n            <!-- @TODO - The output for element here -->\n\n            \n<div class=\"wpcf7 no-js\" id=\"wpcf7-f186-o1\" lang=\"en-US\" dir=\"ltr\" data-wpcf7-id=\"186\">\n<div class=\"screen-reader-response\"><p role=\"status\" aria-live=\"polite\" aria-atomic=\"true\"><\/p> <ul><\/ul><\/div>\n<form action=\"\/mobilallier\/wp-json\/wp\/v2\/pages\/189#wpcf7-f186-o1\" method=\"post\" class=\"wpcf7-form init\" aria-label=\"Contact form\" novalidate=\"novalidate\" data-status=\"init\">\n<fieldset class=\"hidden-fields-container\"><input type=\"hidden\" name=\"_wpcf7\" value=\"186\" \/><input type=\"hidden\" name=\"_wpcf7_version\" value=\"6.1.1\" \/><input type=\"hidden\" name=\"_wpcf7_locale\" value=\"en_US\" \/><input type=\"hidden\" name=\"_wpcf7_unit_tag\" value=\"wpcf7-f186-o1\" \/><input type=\"hidden\" name=\"_wpcf7_container_post\" value=\"0\" \/><input type=\"hidden\" name=\"_wpcf7_posted_data_hash\" value=\"\" \/>\n<\/fieldset>\n<div class=\"business-3\">\n\t<div class=\"business-3-part1\">\n\t\t<p><label class=\"label-left\"><span class=\"wpcf7-form-control-wrap\" data-name=\"YourName\"><input size=\"40\" maxlength=\"400\" class=\"wpcf7-form-control wpcf7-text\" aria-invalid=\"false\" placeholder=\"NOM Pr\u00e9nom*\" value=\"\" type=\"text\" name=\"YourName\" \/><\/span> <\/label><br \/>\n<label class=\"label-right\"><span class=\"wpcf7-form-control-wrap\" data-name=\"YourEmail\"><input size=\"40\" maxlength=\"400\" class=\"wpcf7-form-control wpcf7-email wpcf7-text wpcf7-validates-as-email\" aria-invalid=\"false\" placeholder=\"Mail*\" value=\"\" type=\"email\" name=\"YourEmail\" \/><\/span> <\/label>\n\t\t<\/p>\n\t<\/div>\n\t<p><label><span class=\"wpcf7-form-control-wrap\" data-name=\"Subject\"><input size=\"40\" maxlength=\"400\" class=\"wpcf7-form-control wpcf7-text\" aria-invalid=\"false\" placeholder=\"Sujet\" value=\"\" type=\"text\" name=\"Subject\" \/><\/span> <\/label><br \/>\n<label><span class=\"wpcf7-form-control-wrap\" data-name=\"Question\"><textarea cols=\"40\" rows=\"10\" maxlength=\"2000\" class=\"wpcf7-form-control wpcf7-textarea\" aria-invalid=\"false\" placeholder=\"Message*\" name=\"Question\"><\/textarea><\/span><\/label><br \/>\n<input class=\"wpcf7-form-control wpcf7-submit has-spinner\" type=\"submit\" value=\"ENVOYER\" \/>\n\t<\/p>\n<\/div><div class=\"wpcf7-response-output\" aria-hidden=\"true\"><\/div>\n<\/form>\n<\/div>\n\n\n            <\/div><!-- aux-col-wrapper -->\n    <\/section><!-- widget-container -->\t\t\t\t<\/div>\n\t\t\t\t<\/div>\n\t\t\t\t\t<\/div>\n\t\t<\/div>\n\t\t\t\t\t<\/div>\n\t\t<\/section>\n\t\t\t\t\t<\/div>\n\t\t<\/div>\n\t\t\t\t\t<\/div>\n\t\t<\/section>\n\t\t\t\t<\/div>\n\t\t","protected":false},"excerpt":{"rendered":"<p>Contact HORAIRES Du lundi au vendredi 8h30\/12h00 &#8211; 13h30\/17h00 Uniquement sur rendez-vous 04 70 45 21 17\u00a0 \u00a0 plateforme@mobil-allier.fr NOS AGENCES Agence de Moulins &#8211; 24, rue R\u00e9gemortes 03000 MOULINS Agence de Vichy &#8211; 12 rue Pasteur, 03200 VICHYAgence de Montlu\u00e7on &#8211; 6 rue Barathon, 03100 MONTLU\u00c7ON Contactez-nous Besoin d&rsquo;en savoir plus ?<\/p>\n","protected":false},"author":1,"featured_media":0,"parent":0,"menu_order":0,"comment_status":"closed","ping_status":"closed","template":"","meta":{"_acf_changed":false,"footnotes":""},"class_list":["post-189","page","type-page","status-publish","hentry"],"acf":[],"yoast_head":"<!-- This site is optimized with the Yoast SEO plugin v25.9 - https:\/\/yoast.com\/wordpress\/plugins\/seo\/ -->\n<title>Contact - Mobil&#039;Allier<\/title>\n<meta name=\"robots\" content=\"noindex, follow, max-snippet:-1, max-image-preview:large, max-video-preview:-1\" \/>\n<meta property=\"og:locale\" content=\"fr_FR\" \/>\n<meta property=\"og:type\" content=\"article\" \/>\n<meta property=\"og:title\" content=\"Contact - Mobil&#039;Allier\" \/>\n<meta property=\"og:description\" content=\"Contact HORAIRES Du lundi au vendredi 8h30\/12h00 &#8211; 13h30\/17h00 Uniquement sur rendez-vous 04 70 45 21 17\u00a0 \u00a0 plateforme@mobil-allier.fr NOS AGENCES Agence de Moulins &#8211; 24, rue R\u00e9gemortes 03000 MOULINS Agence de Vichy &#8211; 12 rue Pasteur, 03200 VICHYAgence de Montlu\u00e7on &#8211; 6 rue Barathon, 03100 MONTLU\u00c7ON Contactez-nous Besoin d&rsquo;en savoir plus ?\" \/>\n<meta property=\"og:url\" content=\"http:\/\/s1023100035.onlinehome.fr\/mobilallier\/contact\/\" \/>\n<meta property=\"og:site_name\" content=\"Mobil&#039;Allier\" \/>\n<meta property=\"article:modified_time\" content=\"2025-11-04T14:58:28+00:00\" \/>\n<meta property=\"og:image\" content=\"http:\/\/s1023100035.onlinehome.fr\/mobilallier\/wp-content\/uploads\/2025\/10\/map.webp\" \/>\n\t<meta property=\"og:image:width\" content=\"967\" \/>\n\t<meta property=\"og:image:height\" content=\"736\" \/>\n\t<meta property=\"og:image:type\" content=\"image\/webp\" \/>\n<meta name=\"twitter:card\" content=\"summary_large_image\" \/>\n<meta name=\"twitter:label1\" content=\"Dur\u00e9e de lecture estim\u00e9e\" \/>\n\t<meta name=\"twitter:data1\" content=\"1 minute\" \/>\n<script type=\"application\/ld+json\" class=\"yoast-schema-graph\">{\"@context\":\"https:\/\/schema.org\",\"@graph\":[{\"@type\":\"WebPage\",\"@id\":\"http:\/\/s1023100035.onlinehome.fr\/mobilallier\/contact\/\",\"url\":\"http:\/\/s1023100035.onlinehome.fr\/mobilallier\/contact\/\",\"name\":\"Contact - Mobil&#039;Allier\",\"isPartOf\":{\"@id\":\"http:\/\/s1023100035.onlinehome.fr\/mobilallier\/#website\"},\"primaryImageOfPage\":{\"@id\":\"http:\/\/s1023100035.onlinehome.fr\/mobilallier\/contact\/#primaryimage\"},\"image\":{\"@id\":\"http:\/\/s1023100035.onlinehome.fr\/mobilallier\/contact\/#primaryimage\"},\"thumbnailUrl\":\"http:\/\/s1023100035.onlinehome.fr\/mobilallier\/wp-content\/uploads\/2025\/10\/map.webp\",\"datePublished\":\"2019-12-26T06:15:56+00:00\",\"dateModified\":\"2025-11-04T14:58:28+00:00\",\"breadcrumb\":{\"@id\":\"http:\/\/s1023100035.onlinehome.fr\/mobilallier\/contact\/#breadcrumb\"},\"inLanguage\":\"fr-FR\",\"potentialAction\":[{\"@type\":\"ReadAction\",\"target\":[\"http:\/\/s1023100035.onlinehome.fr\/mobilallier\/contact\/\"]}]},{\"@type\":\"ImageObject\",\"inLanguage\":\"fr-FR\",\"@id\":\"http:\/\/s1023100035.onlinehome.fr\/mobilallier\/contact\/#primaryimage\",\"url\":\"http:\/\/s1023100035.onlinehome.fr\/mobilallier\/wp-content\/uploads\/2025\/10\/map.webp\",\"contentUrl\":\"http:\/\/s1023100035.onlinehome.fr\/mobilallier\/wp-content\/uploads\/2025\/10\/map.webp\",\"width\":967,\"height\":736},{\"@type\":\"BreadcrumbList\",\"@id\":\"http:\/\/s1023100035.onlinehome.fr\/mobilallier\/contact\/#breadcrumb\",\"itemListElement\":[{\"@type\":\"ListItem\",\"position\":1,\"name\":\"Accueil\",\"item\":\"http:\/\/s1023100035.onlinehome.fr\/mobilallier\/\"},{\"@type\":\"ListItem\",\"position\":2,\"name\":\"Contact\"}]},{\"@type\":\"WebSite\",\"@id\":\"http:\/\/s1023100035.onlinehome.fr\/mobilallier\/#website\",\"url\":\"http:\/\/s1023100035.onlinehome.fr\/mobilallier\/\",\"name\":\"Mobil&#039;Allier\",\"description\":\"Votre Allier Mobilit\u00e9\",\"publisher\":{\"@id\":\"http:\/\/s1023100035.onlinehome.fr\/mobilallier\/#organization\"},\"potentialAction\":[{\"@type\":\"SearchAction\",\"target\":{\"@type\":\"EntryPoint\",\"urlTemplate\":\"http:\/\/s1023100035.onlinehome.fr\/mobilallier\/?s={search_term_string}\"},\"query-input\":{\"@type\":\"PropertyValueSpecification\",\"valueRequired\":true,\"valueName\":\"search_term_string\"}}],\"inLanguage\":\"fr-FR\"},{\"@type\":\"Organization\",\"@id\":\"http:\/\/s1023100035.onlinehome.fr\/mobilallier\/#organization\",\"name\":\"Mobil&#039;Allier\",\"url\":\"http:\/\/s1023100035.onlinehome.fr\/mobilallier\/\",\"logo\":{\"@type\":\"ImageObject\",\"inLanguage\":\"fr-FR\",\"@id\":\"http:\/\/s1023100035.onlinehome.fr\/mobilallier\/#\/schema\/logo\/image\/\",\"url\":\"http:\/\/s1023100035.onlinehome.fr\/mobilallier\/wp-content\/uploads\/2024\/12\/cropped-Logo-MobilAllier-PNG-Horizontal-Bleu-sans-fond_Plan-de-travail-1-copie-2-1.png\",\"contentUrl\":\"http:\/\/s1023100035.onlinehome.fr\/mobilallier\/wp-content\/uploads\/2024\/12\/cropped-Logo-MobilAllier-PNG-Horizontal-Bleu-sans-fond_Plan-de-travail-1-copie-2-1.png\",\"width\":2062,\"height\":874,\"caption\":\"Mobil&#039;Allier\"},\"image\":{\"@id\":\"http:\/\/s1023100035.onlinehome.fr\/mobilallier\/#\/schema\/logo\/image\/\"}}]}<\/script>\n<!-- \/ Yoast SEO plugin. -->","yoast_head_json":{"title":"Contact - Mobil&#039;Allier","robots":{"index":"noindex","follow":"follow","max-snippet":"max-snippet:-1","max-image-preview":"max-image-preview:large","max-video-preview":"max-video-preview:-1"},"og_locale":"fr_FR","og_type":"article","og_title":"Contact - Mobil&#039;Allier","og_description":"Contact HORAIRES Du lundi au vendredi 8h30\/12h00 &#8211; 13h30\/17h00 Uniquement sur rendez-vous 04 70 45 21 17\u00a0 \u00a0 plateforme@mobil-allier.fr NOS AGENCES Agence de Moulins &#8211; 24, rue R\u00e9gemortes 03000 MOULINS Agence de Vichy &#8211; 12 rue Pasteur, 03200 VICHYAgence de Montlu\u00e7on &#8211; 6 rue Barathon, 03100 MONTLU\u00c7ON Contactez-nous Besoin d&rsquo;en savoir plus ?","og_url":"http:\/\/s1023100035.onlinehome.fr\/mobilallier\/contact\/","og_site_name":"Mobil&#039;Allier","article_modified_time":"2025-11-04T14:58:28+00:00","og_image":[{"width":967,"height":736,"url":"http:\/\/s1023100035.onlinehome.fr\/mobilallier\/wp-content\/uploads\/2025\/10\/map.webp","type":"image\/webp"}],"twitter_card":"summary_large_image","twitter_misc":{"Dur\u00e9e de lecture estim\u00e9e":"1 minute"},"schema":{"@context":"https:\/\/schema.org","@graph":[{"@type":"WebPage","@id":"http:\/\/s1023100035.onlinehome.fr\/mobilallier\/contact\/","url":"http:\/\/s1023100035.onlinehome.fr\/mobilallier\/contact\/","name":"Contact - Mobil&#039;Allier","isPartOf":{"@id":"http:\/\/s1023100035.onlinehome.fr\/mobilallier\/#website"},"primaryImageOfPage":{"@id":"http:\/\/s1023100035.onlinehome.fr\/mobilallier\/contact\/#primaryimage"},"image":{"@id":"http:\/\/s1023100035.onlinehome.fr\/mobilallier\/contact\/#primaryimage"},"thumbnailUrl":"http:\/\/s1023100035.onlinehome.fr\/mobilallier\/wp-content\/uploads\/2025\/10\/map.webp","datePublished":"2019-12-26T06:15:56+00:00","dateModified":"2025-11-04T14:58:28+00:00","breadcrumb":{"@id":"http:\/\/s1023100035.onlinehome.fr\/mobilallier\/contact\/#breadcrumb"},"inLanguage":"fr-FR","potentialAction":[{"@type":"ReadAction","target":["http:\/\/s1023100035.onlinehome.fr\/mobilallier\/contact\/"]}]},{"@type":"ImageObject","inLanguage":"fr-FR","@id":"http:\/\/s1023100035.onlinehome.fr\/mobilallier\/contact\/#primaryimage","url":"http:\/\/s1023100035.onlinehome.fr\/mobilallier\/wp-content\/uploads\/2025\/10\/map.webp","contentUrl":"http:\/\/s1023100035.onlinehome.fr\/mobilallier\/wp-content\/uploads\/2025\/10\/map.webp","width":967,"height":736},{"@type":"BreadcrumbList","@id":"http:\/\/s1023100035.onlinehome.fr\/mobilallier\/contact\/#breadcrumb","itemListElement":[{"@type":"ListItem","position":1,"name":"Accueil","item":"http:\/\/s1023100035.onlinehome.fr\/mobilallier\/"},{"@type":"ListItem","position":2,"name":"Contact"}]},{"@type":"WebSite","@id":"http:\/\/s1023100035.onlinehome.fr\/mobilallier\/#website","url":"http:\/\/s1023100035.onlinehome.fr\/mobilallier\/","name":"Mobil&#039;Allier","description":"Votre Allier Mobilit\u00e9","publisher":{"@id":"http:\/\/s1023100035.onlinehome.fr\/mobilallier\/#organization"},"potentialAction":[{"@type":"SearchAction","target":{"@type":"EntryPoint","urlTemplate":"http:\/\/s1023100035.onlinehome.fr\/mobilallier\/?s={search_term_string}"},"query-input":{"@type":"PropertyValueSpecification","valueRequired":true,"valueName":"search_term_string"}}],"inLanguage":"fr-FR"},{"@type":"Organization","@id":"http:\/\/s1023100035.onlinehome.fr\/mobilallier\/#organization","name":"Mobil&#039;Allier","url":"http:\/\/s1023100035.onlinehome.fr\/mobilallier\/","logo":{"@type":"ImageObject","inLanguage":"fr-FR","@id":"http:\/\/s1023100035.onlinehome.fr\/mobilallier\/#\/schema\/logo\/image\/","url":"http:\/\/s1023100035.onlinehome.fr\/mobilallier\/wp-content\/uploads\/2024\/12\/cropped-Logo-MobilAllier-PNG-Horizontal-Bleu-sans-fond_Plan-de-travail-1-copie-2-1.png","contentUrl":"http:\/\/s1023100035.onlinehome.fr\/mobilallier\/wp-content\/uploads\/2024\/12\/cropped-Logo-MobilAllier-PNG-Horizontal-Bleu-sans-fond_Plan-de-travail-1-copie-2-1.png","width":2062,"height":874,"caption":"Mobil&#039;Allier"},"image":{"@id":"http:\/\/s1023100035.onlinehome.fr\/mobilallier\/#\/schema\/logo\/image\/"}}]}},"_links":{"self":[{"href":"http:\/\/s1023100035.onlinehome.fr\/mobilallier\/wp-json\/wp\/v2\/pages\/189","targetHints":{"allow":["GET"]}}],"collection":[{"href":"http:\/\/s1023100035.onlinehome.fr\/mobilallier\/wp-json\/wp\/v2\/pages"}],"about":[{"href":"http:\/\/s1023100035.onlinehome.fr\/mobilallier\/wp-json\/wp\/v2\/types\/page"}],"author":[{"embeddable":true,"href":"http:\/\/s1023100035.onlinehome.fr\/mobilallier\/wp-json\/wp\/v2\/users\/1"}],"replies":[{"embeddable":true,"href":"http:\/\/s1023100035.onlinehome.fr\/mobilallier\/wp-json\/wp\/v2\/comments?post=189"}],"version-history":[{"count":237,"href":"http:\/\/s1023100035.onlinehome.fr\/mobilallier\/wp-json\/wp\/v2\/pages\/189\/revisions"}],"predecessor-version":[{"id":5358,"href":"http:\/\/s1023100035.onlinehome.fr\/mobilallier\/wp-json\/wp\/v2\/pages\/189\/revisions\/5358"}],"wp:attachment":[{"href":"http:\/\/s1023100035.onlinehome.fr\/mobilallier\/wp-json\/wp\/v2\/media?parent=189"}],"curies":[{"name":"wp","href":"https:\/\/api.w.org\/{rel}","templated":true}]}}